{"id":120,"date":"2020-12-10T20:04:00","date_gmt":"2020-12-10T20:04:00","guid":{"rendered":"https:\/\/raoulkrischanitz.com\/?page_id=120"},"modified":"2020-12-10T22:52:42","modified_gmt":"2020-12-10T22:52:42","slug":"datenschutz","status":"publish","type":"page","link":"https:\/\/www.raoulkrischanitz.com\/?page_id=120","title":{"rendered":"Datenschutz"},"content":{"rendered":"\n<h2 class=\"wp-block-heading\"><strong>Datenschutzhinweis<\/strong><\/h2>\n\n\n\n<ol class=\"wp-block-list\" type=\"1\"><li><strong>Kontaktdaten<\/strong><\/li><\/ol>\n\n\n\n<p>Mag. Raoul Krischanitz<br>Hermanngasse 9\/14<br>1070 Wien<br>M: +43 (0)1 524 31 58<br>rk(at)transmitterdesign.com<\/p>\n\n\n\n<p><strong>Widerspruch gegen Werbe-Mails<\/strong><br>Der Nutzung von im Rahmen der Impressumspflicht ver\u00f6ffentlichten Kontaktdaten zur \u00dcbersendung von nicht ausdr\u00fccklich angeforderter Werbung und Informationsmaterialien wird hiermit widersprochen. Die Betreiber der Seiten behalten sich ausdr\u00fccklich rechtliche Schritte im Falle der unverlangten Zusendung von Werbeinformationen, etwa durch Spam-E-Mails, vor.<\/p>\n\n\n\n<ol class=\"wp-block-list\" type=\"1\" start=\"2\"><li><strong>Grundsatz<\/strong><\/li><\/ol>\n\n\n\n<p>Alle anfallenden personenbezogenen Daten werden entsprechend den jeweils geltenden Vorschriften zum Schutz personenbezogener Daten erhoben, verarbeitet und genutzt. Die Nutzung der Daten dient der Informationsbereitstellung, der Vertragsabwicklung und zur Wahrung berechtigter eigener Gesch\u00e4ftsinteressen im Hinblick auf die Betreuung meiner KundInnen und InteressentInnen.<\/p>\n\n\n\n<p>Mag. Raoul Krischanitz verpflichtet sich ausdr\u00fccklich, insbesondere alle personenbezogenen Daten ausreichend zu sch\u00fctzen und die Anforderungen der DSGVO aktiv umzusetzen. Diese Richtlinie erl\u00e4utert die Verfahren bei der Erfassung, der Verwendung und der L\u00f6schung der Daten mit Personenbezug.<\/p>\n\n\n\n<p>Durch die Beauftragung von Mag. Raoul Krischanitz erkl\u00e4ren Sie sich mit den in dieser Richtlinie beschriebenen Verfahren einverstanden.<\/p>\n\n\n\n<ol class=\"wp-block-list\" type=\"1\" start=\"3\"><li><strong>Erfassung personenbezogener Daten<\/strong><\/li><\/ol>\n\n\n\n<p>Zur Erf\u00fcllung meines Gesch\u00e4ftszweckes (Grafik-Design &amp; Illustration, freie k\u00fcnstlerische Arbeit und meine Arbeit als Autor) ben\u00f6tige ich gegebenenfalls personenbezogene Informationen, die Sie bzw. MitarbeiterInnen Ihres Unternehmens pers\u00f6nlich identifizieren und die es mir erm\u00f6glichen, mit Ihnen in Kontakt zu treten. Wenn Sie mit mir Kontakt (z.B. per E-Mail) aufnehmen speichere ich folgende personenbezogenen Daten:<\/p>\n\n\n\n<ul class=\"wp-block-list\"><li>Name<\/li><li>Vorname<\/li><li>Position bzw. Abteilung<\/li><li>E-Mail-Adresse<\/li><li>Telefonnotizen<\/li><\/ul>\n\n\n\n<p>die ausschlie\u00dflich zur Erf\u00fcllung meines Gesch\u00e4ftsweckes dienen.<\/p>\n\n\n\n<ol class=\"wp-block-list\" type=\"1\" start=\"4\"><li><strong>Vertraulichkeit Ihrer Daten<\/strong><\/li><\/ol>\n\n\n\n<p>Ich bin zur Einhaltung der Bestimmungen der Datenschutz-Grundverordnung (DVGSO) verpflichtet.<\/p>\n\n\n\n<p>Mag. Raoul Krischanitz setzt technische und organisatorische Sicherungsma\u00dfnahmen, um Ihre zur Verf\u00fcgung gestellten Daten durch zuf\u00e4llige oder vors\u00e4tzliche Manipulationen, Verlust, Zerst\u00f6rung oder den Zugriff von unberechtigten Personen zu sch\u00fctzen. Die Sicherheitsma\u00dfnahmen werden fortlaufend \u00fcberpr\u00fcft und ggf. verbessert. Ihre personenbezogenen Daten werden weder an Dritte verkauft noch anderweitig vermarktet.<\/p>\n\n\n\n<p>Erhebungen von personenbezogenen Daten sowie deren \u00dcbermittlung an auskunftsberechtigte staatliche Institutionen und Beh\u00f6rden erfolgen nur im Rahmen der Gesetze bzw. sofern Mag. Raoul Krischanitz durch eine gerichtliche Entscheidung dazu verpflichtet ist oder wird.<\/p>\n\n\n\n<ol class=\"wp-block-list\" type=\"1\" start=\"5\"><li><strong>Webserver-Protokollierung<\/strong><\/li><\/ol>\n\n\n\n<p>Aus Gr\u00fcnden der Betriebssicherheit, zur Erstellung der Zugriffsstatistik usw. werden Webserver-Logfiles erstellt. Es werden von Seiten des Betreibers folgende Daten gespeichert:<\/p>\n\n\n\n<ul class=\"wp-block-list\"><li>die aufgerufene Seite (URL)<\/li><li>der Browser bzw. die Browserversion<\/li><li>das verwendete Betriebssystem<\/li><li>die Referrer URL (die zuvor besuchte Seite)<\/li><li>Hostname und IP-Adresse des zugreifenden Rechners<\/li><li>die Uhrzeit der Serveranfrage<\/li><\/ul>\n\n\n\n<p>Diese Daten werden automatisch 2 Wochen nach Besuch der Seite gel\u00f6scht.<\/p>\n\n\n\n<ol class=\"wp-block-list\" type=\"1\" start=\"6\"><li><strong>Cookies, Google Analytics &amp; Tools<\/strong><\/li><\/ol>\n\n\n\n<p>Die website&nbsp;<a href=\"http:\/\/www.raouldigital.com\/\">www.raoulkrischanitz.com<\/a> verwendet keine Cookies.<\/p>\n\n\n\n<p>Die Website-Nutzung wird nicht ausgewertet.<\/p>\n\n\n\n<p><strong>Google Web Fonts<\/strong>Diese Seite nutzt zur einheitlichen Darstellung von Schriftarten so genannte Web Fonts, die von Google bereitgestellt werden. Beim Aufruf einer Seite l\u00e4dt Ihr Browser die ben\u00f6tigten Web Fonts in ihren Browsercache, um Texte und Schriftarten korrekt anzuzeigen.Zu diesem Zweck muss der von Ihnen verwendete Browser Verbindung zu den Servern von Google aufnehmen. Hierdurch erlangt Google Kenntnis dar\u00fcber, dass \u00fcber Ihre IP-Adresse unsere Website aufgerufen wurde. Die Nutzung von Google Web Fonts erfolgt im Interesse einer einheitlichen und ansprechenden Darstellung unserer Online-Angebote. Dies stellt ein berechtigtes Interesse im Sinne von Art. 6 Abs. 1 lit. f DSGVO dar.Wenn Ihr Browser Web Fonts nicht unterst\u00fctzt, wird eine Standardschrift von Ihrem Computer genutzt.Weitere Informationen zu Google Web Fonts finden Sie unter&nbsp;<a href=\"https:\/\/developers.google.com\/fonts\/faq\">https:\/\/developers.google.com\/fonts\/faq<\/a>und in der Datenschutzerkl\u00e4rung von Google:&nbsp;<a href=\"https:\/\/www.google.com\/policies\/privacy\/\">https:\/\/www.google.com\/policies\/privacy\/<\/a>.<\/p>\n\n\n\n<ol class=\"wp-block-list\" type=\"1\" start=\"7\"><li><strong>Externe Links<\/strong><\/li><\/ol>\n\n\n\n<p>Sofern Sie externe Links nutzen, die im Rahmen der Internetseite&nbsp;<a href=\"http:\/\/www.raouldigital.com\/\">www.raouldigital.com<\/a>angeboten werden, erstreckt sich diese Datenschutzerkl\u00e4rung nicht auf diese Links. Informieren Sie sich deshalb bitte auf den Internetseiten der anderen AnbieterInnen auch \u00fcber die dort bereitgestellten Datenschutzerkl\u00e4rungen.<\/p>\n\n\n\n<ol class=\"wp-block-list\" type=\"1\" start=\"8\"><li><strong>Newsletter<\/strong><\/li><\/ol>\n\n\n\n<p>Mag. Raoul Krischanitz versendet keinen Newsletter.<\/p>\n\n\n\n<ol class=\"wp-block-list\" type=\"1\" start=\"9\"><li><strong>Auskunfts- und Widerspruchsrecht<\/strong><\/li><\/ol>\n\n\n\n<p>Sie k\u00f6nnen jederzeit Auskunft (DSVGO Artikel 15) \u00fcber die von mir \u00fcber Sie gespeicherten Daten bekommen. Bei Bedarf senden Sie bitte eine E-Mail an office@raouldigital.com.<\/p>\n\n\n\n<p>Weiterhin k\u00f6nnen Sie jederzeit Ihre Zustimmung zur Erhebung und Speicherung Ihrer personenbezogenen Daten durch mich widerrufen (DSVGO Artikel 17). Bei Bedarf senden Sie bitte eine E-Mail an office@raouldigital.com.<\/p>\n\n\n\n<ol class=\"wp-block-list\" type=\"1\" start=\"10\"><li><strong>Ihre Rechte<\/strong><\/li><\/ol>\n\n\n\n<p>Ihnen stehen grunds\u00e4tzlich die Rechte auf Auskunft, Berichtigung, L\u00f6schung, Einschr\u00e4nkung, Daten\u00fcbertragbarkeit, Widerruf und Widerspruch zu. Wenn Sie glauben, dass die Verarbeitung Ihrer Daten gegen das Datenschutzrecht verst\u00f6\u00dft oder Ihre datenschutzrechtlichen Anspr\u00fcche sonst in einer Weise verletzt worden sind, k\u00f6nnen Sie sich bei der Datenschutzbeh\u00f6rde beschweren.<\/p>\n\n\n\n<p>Wien, Dezember 2020<\/p>\n","protected":false},"excerpt":{"rendered":"<p>Datenschutzhinweis Kontaktdaten Mag. Raoul KrischanitzHermanngasse 9\/141070 WienM: +43 (0)1 524 31 58rk(at)transmitterdesign.com Widerspruch gegen Werbe-MailsDer Nutzung von im Rahmen der Impressumspflicht ver\u00f6ffentlichten Kontaktdaten zur \u00dcbersendung von nicht ausdr\u00fccklich angeforderter Werbung und Informationsmaterialien wird hiermit widersprochen. Die Betreiber der Seiten behalten sich ausdr\u00fccklich rechtliche Schritte im Falle der unverlangten Zusendung von &hellip;<\/p>\n<div class=\"wrap-excerpt-more\"><a class=\"excerpt-more\" href=\"https:\/\/www.raoulkrischanitz.com\/?page_id=120\">Read more<\/a><\/div>\n","protected":false},"author":1,"featured_media":0,"parent":0,"menu_order":0,"comment_status":"closed","ping_status":"closed","template":"","meta":{"footnotes":""},"class_list":["post-120","page","type-page","status-publish","hentry","post--no-featured-image"],"_links":{"self":[{"href":"https:\/\/www.raoulkrischanitz.com\/index.php?rest_route=\/wp\/v2\/pages\/120","targetHints":{"allow":["GET"]}}],"collection":[{"href":"https:\/\/www.raoulkrischanitz.com\/index.php?rest_route=\/wp\/v2\/pages"}],"about":[{"href":"https:\/\/www.raoulkrischanitz.com\/index.php?rest_route=\/wp\/v2\/types\/page"}],"author":[{"embeddable":true,"href":"https:\/\/www.raoulkrischanitz.com\/index.php?rest_route=\/wp\/v2\/users\/1"}],"replies":[{"embeddable":true,"href":"https:\/\/www.raoulkrischanitz.com\/index.php?rest_route=%2Fwp%2Fv2%2Fcomments&post=120"}],"version-history":[{"count":3,"href":"https:\/\/www.raoulkrischanitz.com\/index.php?rest_route=\/wp\/v2\/pages\/120\/revisions"}],"predecessor-version":[{"id":168,"href":"https:\/\/www.raoulkrischanitz.com\/index.php?rest_route=\/wp\/v2\/pages\/120\/revisions\/168"}],"wp:attachment":[{"href":"https:\/\/www.raoulkrischanitz.com\/index.php?rest_route=%2Fwp%2Fv2%2Fmedia&parent=120"}],"curies":[{"name":"wp","href":"https:\/\/api.w.org\/{rel}","templated":true}]}}