{"id":286,"date":"2020-12-13T16:12:37","date_gmt":"2020-12-13T16:12:37","guid":{"rendered":"https:\/\/raoulkrischanitz.com\/?page_id=286"},"modified":"2020-12-13T16:43:20","modified_gmt":"2020-12-13T16:43:20","slug":"illustrationen","status":"publish","type":"page","link":"https:\/\/www.raoulkrischanitz.com\/?page_id=286","title":{"rendered":"Stadt Wien | B\u00fcchereien \u2013 KIRANGO"},"content":{"rendered":"\n<figure class=\"wp-block-image size-large\"><img loading=\"lazy\" decoding=\"async\" width=\"1024\" height=\"665\" src=\"https:\/\/www.raoulkrischanitz.com\/wp-content\/uploads\/2020\/12\/kirango-2-1024x665.jpg\" alt=\"\" class=\"wp-image-317\" srcset=\"https:\/\/www.raoulkrischanitz.com\/wp-content\/uploads\/2020\/12\/kirango-2-1024x665.jpg 1024w, https:\/\/www.raoulkrischanitz.com\/wp-content\/uploads\/2020\/12\/kirango-2-300x195.jpg 300w, https:\/\/www.raoulkrischanitz.com\/wp-content\/uploads\/2020\/12\/kirango-2-768x499.jpg 768w, https:\/\/www.raoulkrischanitz.com\/wp-content\/uploads\/2020\/12\/kirango-2.jpg 1128w\" sizes=\"auto, (max-width: 1024px) 100vw, 1024px\" \/><\/figure>\n\n\n\n<figure class=\"wp-block-image size-large\"><img loading=\"lazy\" decoding=\"async\" width=\"794\" height=\"1024\" src=\"https:\/\/www.raoulkrischanitz.com\/wp-content\/uploads\/2020\/12\/kirango_1-794x1024.jpg\" alt=\"\" class=\"wp-image-297\" srcset=\"https:\/\/www.raoulkrischanitz.com\/wp-content\/uploads\/2020\/12\/kirango_1-794x1024.jpg 794w, https:\/\/www.raoulkrischanitz.com\/wp-content\/uploads\/2020\/12\/kirango_1-233x300.jpg 233w, https:\/\/www.raoulkrischanitz.com\/wp-content\/uploads\/2020\/12\/kirango_1-768x990.jpg 768w, https:\/\/www.raoulkrischanitz.com\/wp-content\/uploads\/2020\/12\/kirango_1.jpg 1120w\" sizes=\"auto, (max-width: 794px) 100vw, 794px\" \/><figcaption>Stadt WIen | B\u00fcchereien \u2013 KIRANGO&nbsp;<br>2008 Entwurf und Ausarbeitung der Corporate Identity und Internetauftritt KIRANGO. \u00dcber einen Zeitraum von&nbsp;9 Jahren Entwurf und Ausarbeitung s\u00e4mtlicher Illustrationen des KIRANGO Kinderplaneten (pr\u00e4sent in allen&nbsp;38 Filialen der B\u00fcchereien Wien und online).&nbsp;<br>Grafischer Entwurf &amp; Ausarbeitung einer Vielzahl von Drucksorten f\u00fcr die B\u00fcchereien Wien von 2008 bis 2020<\/figcaption><\/figure>\n\n\n\n<figure class=\"wp-block-image size-large\"><img loading=\"lazy\" decoding=\"async\" width=\"809\" height=\"1024\" src=\"https:\/\/www.raoulkrischanitz.com\/wp-content\/uploads\/2020\/12\/kirango_2-809x1024.jpg\" alt=\"\" class=\"wp-image-298\" srcset=\"https:\/\/www.raoulkrischanitz.com\/wp-content\/uploads\/2020\/12\/kirango_2-809x1024.jpg 809w, https:\/\/www.raoulkrischanitz.com\/wp-content\/uploads\/2020\/12\/kirango_2-237x300.jpg 237w, https:\/\/www.raoulkrischanitz.com\/wp-content\/uploads\/2020\/12\/kirango_2-768x972.jpg 768w, https:\/\/www.raoulkrischanitz.com\/wp-content\/uploads\/2020\/12\/kirango_2.jpg 1112w\" sizes=\"auto, (max-width: 809px) 100vw, 809px\" \/><figcaption>Stadt WIen | B\u00fcchereien \u2013 KIRANGO&nbsp;<br>Im Laufe von 12 Jahren entstanden ca. 100 verschiedene Illustrationen.&nbsp;<br>Diese fanden Verwendung auf:&nbsp;<br>\u2022 4 B\u00fcchereikarten&nbsp;<br>\u2022 unz\u00e4hligen Plakaten, Foldern, Flyern, Einladungskarten<br>\u2022 regelm\u00e4\u00dfig das Monatsprogrammcover (12x pro Jahr)&nbsp;<br>\u2022 der reich bebilderten KIRANGO-Homepage<br>\u2022 gro\u00dfformatige Beklebungen im Aussenbereich<br>\u2022 Roll-Ups und gro\u00dfformatigen Bannern<br>\u2022 digitale Gru\u00dfkarten<br>\u2022 Ausmalbilder<br>\u2022 diverse Merchandisingartikel wie z.B. Tragetaschen, &nbsp;<br>&nbsp;&nbsp; Lesezeichen, Tatoos, Luftballons\u2026<br>\u2022 Lesofantenfest Sujet von 2008 bis 2015<\/figcaption><\/figure>\n\n\n\n<figure class=\"wp-block-image size-large\"><img loading=\"lazy\" decoding=\"async\" width=\"754\" height=\"1024\" src=\"https:\/\/www.raoulkrischanitz.com\/wp-content\/uploads\/2020\/12\/kirango_3-754x1024.jpg\" alt=\"\" class=\"wp-image-299\" srcset=\"https:\/\/www.raoulkrischanitz.com\/wp-content\/uploads\/2020\/12\/kirango_3-754x1024.jpg 754w, https:\/\/www.raoulkrischanitz.com\/wp-content\/uploads\/2020\/12\/kirango_3-221x300.jpg 221w, https:\/\/www.raoulkrischanitz.com\/wp-content\/uploads\/2020\/12\/kirango_3-768x1043.jpg 768w, https:\/\/www.raoulkrischanitz.com\/wp-content\/uploads\/2020\/12\/kirango_3.jpg 1115w\" sizes=\"auto, (max-width: 754px) 100vw, 754px\" \/><figcaption>Stadt WIen | B\u00fcchereien \u2013 KIRANGO <br>Illustrationen &amp; Grafik-Design | Sujets &amp; Auswahl Programmcover<br><\/figcaption><\/figure>\n\n\n\n<figure class=\"wp-block-image size-large\"><img loading=\"lazy\" decoding=\"async\" width=\"1024\" height=\"840\" src=\"https:\/\/www.raoulkrischanitz.com\/wp-content\/uploads\/2020\/12\/kirango_5-1024x840.jpg\" alt=\"\" class=\"wp-image-301\" srcset=\"https:\/\/www.raoulkrischanitz.com\/wp-content\/uploads\/2020\/12\/kirango_5-1024x840.jpg 1024w, https:\/\/www.raoulkrischanitz.com\/wp-content\/uploads\/2020\/12\/kirango_5-300x246.jpg 300w, https:\/\/www.raoulkrischanitz.com\/wp-content\/uploads\/2020\/12\/kirango_5-768x630.jpg 768w, https:\/\/www.raoulkrischanitz.com\/wp-content\/uploads\/2020\/12\/kirango_5.jpg 1121w\" sizes=\"auto, (max-width: 1024px) 100vw, 1024px\" \/><figcaption>Stadt WIen | B\u00fcchereien \u2013 KIRANGO&nbsp;<br>Vektorgrafiken<\/figcaption><\/figure>\n\n\n\n<figure class=\"wp-block-image size-large\"><img loading=\"lazy\" decoding=\"async\" width=\"725\" height=\"1024\" src=\"https:\/\/www.raoulkrischanitz.com\/wp-content\/uploads\/2020\/12\/kirango_6-725x1024.jpg\" alt=\"\" class=\"wp-image-302\" srcset=\"https:\/\/www.raoulkrischanitz.com\/wp-content\/uploads\/2020\/12\/kirango_6-725x1024.jpg 725w, https:\/\/www.raoulkrischanitz.com\/wp-content\/uploads\/2020\/12\/kirango_6-212x300.jpg 212w, https:\/\/www.raoulkrischanitz.com\/wp-content\/uploads\/2020\/12\/kirango_6-768x1085.jpg 768w, https:\/\/www.raoulkrischanitz.com\/wp-content\/uploads\/2020\/12\/kirango_6.jpg 1070w\" sizes=\"auto, (max-width: 725px) 100vw, 725px\" \/><figcaption>Stadt WIen | B\u00fcchereien \u2013 KIRANGO&nbsp;<br>Illustrationen &amp; Grafik-Design | Auswahl von Plakaten<\/figcaption><\/figure>\n\n\n\n<figure class=\"wp-block-image size-large\"><img loading=\"lazy\" decoding=\"async\" width=\"704\" height=\"1024\" src=\"https:\/\/www.raoulkrischanitz.com\/wp-content\/uploads\/2020\/12\/kirango_4-704x1024.jpg\" alt=\"\" class=\"wp-image-300\" srcset=\"https:\/\/www.raoulkrischanitz.com\/wp-content\/uploads\/2020\/12\/kirango_4-704x1024.jpg 704w, https:\/\/www.raoulkrischanitz.com\/wp-content\/uploads\/2020\/12\/kirango_4-206x300.jpg 206w, https:\/\/www.raoulkrischanitz.com\/wp-content\/uploads\/2020\/12\/kirango_4-768x1117.jpg 768w, https:\/\/www.raoulkrischanitz.com\/wp-content\/uploads\/2020\/12\/kirango_4-1056x1536.jpg 1056w, https:\/\/www.raoulkrischanitz.com\/wp-content\/uploads\/2020\/12\/kirango_4.jpg 1121w\" sizes=\"auto, (max-width: 704px) 100vw, 704px\" \/><figcaption>Stadt WIen | B\u00fcchereien \u2013 KIRANGO&nbsp;<br>Illustrationen &amp; Grafik-Design Merchandisingartikel<\/figcaption><\/figure>\n\n\n\n<figure class=\"wp-block-image size-large\"><img loading=\"lazy\" decoding=\"async\" width=\"1007\" height=\"1024\" src=\"https:\/\/www.raoulkrischanitz.com\/wp-content\/uploads\/2020\/12\/kirango_7-1007x1024.jpg\" alt=\"\" class=\"wp-image-303\" srcset=\"https:\/\/www.raoulkrischanitz.com\/wp-content\/uploads\/2020\/12\/kirango_7-1007x1024.jpg 1007w, https:\/\/www.raoulkrischanitz.com\/wp-content\/uploads\/2020\/12\/kirango_7-295x300.jpg 295w, https:\/\/www.raoulkrischanitz.com\/wp-content\/uploads\/2020\/12\/kirango_7-768x781.jpg 768w, https:\/\/www.raoulkrischanitz.com\/wp-content\/uploads\/2020\/12\/kirango_7.jpg 1133w\" sizes=\"auto, (max-width: 1007px) 100vw, 1007px\" \/><figcaption>Stadt WIen | B\u00fcchereien \u2013 Lesofantenfest<br>Entwurf und Illustration des Hauptsujets\/Imageplakat des j\u00e4hrlich stattfindenden Festivals von 2008 bis 2015<br>Ebenfalls seit 2008 bis 2020:<br>Gestaltung Corporate Identity, Grafischer Entwurf &amp; Ausarbeitung Plakate, Programmhefte (jeweils 72 Seiten), Flyer, Leporellos, Inserate, gro\u00dfformatige Drucke und Kaschierungen im Au\u00dfen- und Innenbereich, Roll-Ups, Merchandisingartikel<\/figcaption><\/figure>\n\n\n","protected":false},"excerpt":{"rendered":"<div class=\"wrap-excerpt-more\"><a class=\"excerpt-more\" href=\"https:\/\/www.raoulkrischanitz.com\/?page_id=286\">Read more<\/a><\/div>\n","protected":false},"author":1,"featured_media":0,"parent":0,"menu_order":0,"comment_status":"closed","ping_status":"closed","template":"","meta":{"footnotes":""},"class_list":["post-286","page","type-page","status-publish","hentry","post--no-featured-image"],"_links":{"self":[{"href":"https:\/\/www.raoulkrischanitz.com\/index.php?rest_route=\/wp\/v2\/pages\/286","targetHints":{"allow":["GET"]}}],"collection":[{"href":"https:\/\/www.raoulkrischanitz.com\/index.php?rest_route=\/wp\/v2\/pages"}],"about":[{"href":"https:\/\/www.raoulkrischanitz.com\/index.php?rest_route=\/wp\/v2\/types\/page"}],"author":[{"embeddable":true,"href":"https:\/\/www.raoulkrischanitz.com\/index.php?rest_route=\/wp\/v2\/users\/1"}],"replies":[{"embeddable":true,"href":"https:\/\/www.raoulkrischanitz.com\/index.php?rest_route=%2Fwp%2Fv2%2Fcomments&post=286"}],"version-history":[{"count":12,"href":"https:\/\/www.raoulkrischanitz.com\/index.php?rest_route=\/wp\/v2\/pages\/286\/revisions"}],"predecessor-version":[{"id":351,"href":"https:\/\/www.raoulkrischanitz.com\/index.php?rest_route=\/wp\/v2\/pages\/286\/revisions\/351"}],"wp:attachment":[{"href":"https:\/\/www.raoulkrischanitz.com\/index.php?rest_route=%2Fwp%2Fv2%2Fmedia&parent=286"}],"curies":[{"name":"wp","href":"https:\/\/api.w.org\/{rel}","templated":true}]}}