{"id":328,"date":"2020-12-13T16:28:50","date_gmt":"2020-12-13T16:28:50","guid":{"rendered":"https:\/\/raoulkrischanitz.com\/?page_id=328"},"modified":"2020-12-13T16:36:32","modified_gmt":"2020-12-13T16:36:32","slug":"digitale-illustrationen","status":"publish","type":"page","link":"https:\/\/www.raoulkrischanitz.com\/?page_id=328","title":{"rendered":"Illustrationen"},"content":{"rendered":"\n<figure class=\"wp-block-image size-large\"><img loading=\"lazy\" decoding=\"async\" width=\"797\" height=\"1024\" src=\"https:\/\/www.raoulkrischanitz.com\/wp-content\/uploads\/2020\/12\/illu_sozialministerium-797x1024.jpg\" alt=\"\" class=\"wp-image-293\" srcset=\"https:\/\/www.raoulkrischanitz.com\/wp-content\/uploads\/2020\/12\/illu_sozialministerium-797x1024.jpg 797w, https:\/\/www.raoulkrischanitz.com\/wp-content\/uploads\/2020\/12\/illu_sozialministerium-234x300.jpg 234w, https:\/\/www.raoulkrischanitz.com\/wp-content\/uploads\/2020\/12\/illu_sozialministerium-768x987.jpg 768w, https:\/\/www.raoulkrischanitz.com\/wp-content\/uploads\/2020\/12\/illu_sozialministerium.jpg 1128w\" sizes=\"auto, (max-width: 797px) 100vw, 797px\" \/><figcaption>Bundesministerium f\u00fcr Arbeit, Soziales &amp; Konsumentenschutz (BMASGK)<br>Illustrationen f\u00fcr Materialien zum Thema Nachhaltigkeit und Konsumentenschutz<\/figcaption><\/figure>\n\n\n\n<figure class=\"wp-block-image size-large\"><img loading=\"lazy\" decoding=\"async\" width=\"732\" height=\"1024\" src=\"https:\/\/www.raoulkrischanitz.com\/wp-content\/uploads\/2020\/12\/illu_sozialministerium_2-732x1024.jpg\" alt=\"\" class=\"wp-image-291\" srcset=\"https:\/\/www.raoulkrischanitz.com\/wp-content\/uploads\/2020\/12\/illu_sozialministerium_2-732x1024.jpg 732w, https:\/\/www.raoulkrischanitz.com\/wp-content\/uploads\/2020\/12\/illu_sozialministerium_2-215x300.jpg 215w, https:\/\/www.raoulkrischanitz.com\/wp-content\/uploads\/2020\/12\/illu_sozialministerium_2-768x1074.jpg 768w, https:\/\/www.raoulkrischanitz.com\/wp-content\/uploads\/2020\/12\/illu_sozialministerium_2.jpg 1082w\" sizes=\"auto, (max-width: 732px) 100vw, 732px\" \/><figcaption>Bundesministerium f\u00fcr Arbeit, Soziales &amp; Konsumentenschutz (BMASGK)<br>Illustrationen f\u00fcr Materialien zum Thema Nachhaltigkeit und Konsumentenschutz<\/figcaption><\/figure>\n\n\n\n<figure class=\"wp-block-image size-large\"><img loading=\"lazy\" decoding=\"async\" width=\"762\" height=\"1024\" src=\"https:\/\/www.raoulkrischanitz.com\/wp-content\/uploads\/2020\/12\/kirango_8-762x1024.jpg\" alt=\"\" class=\"wp-image-304\" srcset=\"https:\/\/www.raoulkrischanitz.com\/wp-content\/uploads\/2020\/12\/kirango_8-762x1024.jpg 762w, https:\/\/www.raoulkrischanitz.com\/wp-content\/uploads\/2020\/12\/kirango_8-223x300.jpg 223w, https:\/\/www.raoulkrischanitz.com\/wp-content\/uploads\/2020\/12\/kirango_8-768x1032.jpg 768w, https:\/\/www.raoulkrischanitz.com\/wp-content\/uploads\/2020\/12\/kirango_8.jpg 1100w\" sizes=\"auto, (max-width: 762px) 100vw, 762px\" \/><figcaption>Olympe Verlag \u2013 Schulbuchverlag | Figurendesign, Grafiken &amp; Illustrationen f\u00fcr Schulb\u00fccher<br>Ebenfalls Grafischer Entwurf &amp; Ausarbeitung von 30 Schulb\u00fcchern (jeweils 160 \u2013 192 Seiten)<\/figcaption><\/figure>\n\n\n\n<figure class=\"wp-block-image size-large\"><img loading=\"lazy\" decoding=\"async\" width=\"756\" height=\"1024\" src=\"https:\/\/www.raoulkrischanitz.com\/wp-content\/uploads\/2020\/12\/illu_digital-756x1024.jpg\" alt=\"\" class=\"wp-image-290\" srcset=\"https:\/\/www.raoulkrischanitz.com\/wp-content\/uploads\/2020\/12\/illu_digital-756x1024.jpg 756w, https:\/\/www.raoulkrischanitz.com\/wp-content\/uploads\/2020\/12\/illu_digital-221x300.jpg 221w, https:\/\/www.raoulkrischanitz.com\/wp-content\/uploads\/2020\/12\/illu_digital-768x1041.jpg 768w, https:\/\/www.raoulkrischanitz.com\/wp-content\/uploads\/2020\/12\/illu_digital-1133x1536.jpg 1133w, https:\/\/www.raoulkrischanitz.com\/wp-content\/uploads\/2020\/12\/illu_digital.jpg 1140w\" sizes=\"auto, (max-width: 756px) 100vw, 756px\" \/><figcaption>Figurendesign &amp; Illustrationen f\u00fcr mobile Applikationen<\/figcaption><\/figure>\n","protected":false},"excerpt":{"rendered":"<div class=\"wrap-excerpt-more\"><a class=\"excerpt-more\" href=\"https:\/\/www.raoulkrischanitz.com\/?page_id=328\">Read more<\/a><\/div>\n","protected":false},"author":1,"featured_media":0,"parent":0,"menu_order":0,"comment_status":"closed","ping_status":"closed","template":"","meta":{"footnotes":""},"class_list":["post-328","page","type-page","status-publish","hentry","post--no-featured-image"],"_links":{"self":[{"href":"https:\/\/www.raoulkrischanitz.com\/index.php?rest_route=\/wp\/v2\/pages\/328","targetHints":{"allow":["GET"]}}],"collection":[{"href":"https:\/\/www.raoulkrischanitz.com\/index.php?rest_route=\/wp\/v2\/pages"}],"about":[{"href":"https:\/\/www.raoulkrischanitz.com\/index.php?rest_route=\/wp\/v2\/types\/page"}],"author":[{"embeddable":true,"href":"https:\/\/www.raoulkrischanitz.com\/index.php?rest_route=\/wp\/v2\/users\/1"}],"replies":[{"embeddable":true,"href":"https:\/\/www.raoulkrischanitz.com\/index.php?rest_route=%2Fwp%2Fv2%2Fcomments&post=328"}],"version-history":[{"count":6,"href":"https:\/\/www.raoulkrischanitz.com\/index.php?rest_route=\/wp\/v2\/pages\/328\/revisions"}],"predecessor-version":[{"id":338,"href":"https:\/\/www.raoulkrischanitz.com\/index.php?rest_route=\/wp\/v2\/pages\/328\/revisions\/338"}],"wp:attachment":[{"href":"https:\/\/www.raoulkrischanitz.com\/index.php?rest_route=%2Fwp%2Fv2%2Fmedia&parent=328"}],"curies":[{"name":"wp","href":"https:\/\/api.w.org\/{rel}","templated":true}]}}