{"id":409,"date":"2020-12-16T10:21:58","date_gmt":"2020-12-16T10:21:58","guid":{"rendered":"https:\/\/raoulkrischanitz.com\/?page_id=409"},"modified":"2020-12-16T11:04:46","modified_gmt":"2020-12-16T11:04:46","slug":"hamster-heinz-und-das-geburtstagsfest","status":"publish","type":"page","link":"https:\/\/www.raoulkrischanitz.com\/?page_id=409","title":{"rendered":"Hamster Heinz und das Geburtstagsfest"},"content":{"rendered":"\n<figure class=\"wp-block-image size-large\"><img loading=\"lazy\" decoding=\"async\" width=\"785\" height=\"1024\" src=\"https:\/\/www.raoulkrischanitz.com\/wp-content\/uploads\/2020\/12\/hhg_cover-785x1024.jpg\" alt=\"\" class=\"wp-image-413\" srcset=\"https:\/\/www.raoulkrischanitz.com\/wp-content\/uploads\/2020\/12\/hhg_cover-785x1024.jpg 785w, https:\/\/www.raoulkrischanitz.com\/wp-content\/uploads\/2020\/12\/hhg_cover-230x300.jpg 230w, https:\/\/www.raoulkrischanitz.com\/wp-content\/uploads\/2020\/12\/hhg_cover-768x1001.jpg 768w, https:\/\/www.raoulkrischanitz.com\/wp-content\/uploads\/2020\/12\/hhg_cover.jpg 1100w\" sizes=\"auto, (max-width: 785px) 100vw, 785px\" \/><figcaption>Annette Betz Verlag Kinderb\u00fccher | Autor, Text &amp; Illustrationen von Raoul Krischanitz<br>\u00dcbersetzungen in: Spanisch und Koreanisch<br><br>Das K\u00e4nguru hat Geburtstag, doch niemand ist gekommen um zu gratulieren \u2013 au\u00dfer Hamster Heinz! Und der hat eine besondere \u00dcberraschung\u2026<br><br>Ausgestellt in Bratislava bei der Illustratorenbiennale. Die Illustratorenbiennale ist die weltweit gr\u00f6\u00dfte Wettbewerbsausstellung ihrer Art. Es werden von einer internationalen Jury ausgew\u00e4hlte Originalillustrationen der Kinder- und Jugendliteratur gezeigt.<\/figcaption><\/figure>\n\n\n\n<figure class=\"wp-block-image size-large\"><img loading=\"lazy\" decoding=\"async\" width=\"1024\" height=\"654\" src=\"https:\/\/www.raoulkrischanitz.com\/wp-content\/uploads\/2020\/12\/hhg_2-1024x654.jpg\" alt=\"\" class=\"wp-image-412\" srcset=\"https:\/\/www.raoulkrischanitz.com\/wp-content\/uploads\/2020\/12\/hhg_2-1024x654.jpg 1024w, https:\/\/www.raoulkrischanitz.com\/wp-content\/uploads\/2020\/12\/hhg_2-300x192.jpg 300w, https:\/\/www.raoulkrischanitz.com\/wp-content\/uploads\/2020\/12\/hhg_2-768x491.jpg 768w, https:\/\/www.raoulkrischanitz.com\/wp-content\/uploads\/2020\/12\/hhg_2.jpg 1100w\" sizes=\"auto, (max-width: 1024px) 100vw, 1024px\" \/><\/figure>\n\n\n\n<figure class=\"wp-block-image size-large\"><img loading=\"lazy\" decoding=\"async\" width=\"1024\" height=\"640\" src=\"https:\/\/www.raoulkrischanitz.com\/wp-content\/uploads\/2020\/12\/hhg_1-1024x640.jpg\" alt=\"\" class=\"wp-image-411\" srcset=\"https:\/\/www.raoulkrischanitz.com\/wp-content\/uploads\/2020\/12\/hhg_1-1024x640.jpg 1024w, https:\/\/www.raoulkrischanitz.com\/wp-content\/uploads\/2020\/12\/hhg_1-300x187.jpg 300w, https:\/\/www.raoulkrischanitz.com\/wp-content\/uploads\/2020\/12\/hhg_1-768x480.jpg 768w, https:\/\/www.raoulkrischanitz.com\/wp-content\/uploads\/2020\/12\/hhg_1.jpg 1100w\" sizes=\"auto, (max-width: 1024px) 100vw, 1024px\" \/><\/figure>\n","protected":false},"excerpt":{"rendered":"<div class=\"wrap-excerpt-more\"><a class=\"excerpt-more\" href=\"https:\/\/www.raoulkrischanitz.com\/?page_id=409\">Read more<\/a><\/div>\n","protected":false},"author":1,"featured_media":0,"parent":0,"menu_order":0,"comment_status":"closed","ping_status":"closed","template":"","meta":{"footnotes":""},"class_list":["post-409","page","type-page","status-publish","hentry","post--no-featured-image"],"_links":{"self":[{"href":"https:\/\/www.raoulkrischanitz.com\/index.php?rest_route=\/wp\/v2\/pages\/409","targetHints":{"allow":["GET"]}}],"collection":[{"href":"https:\/\/www.raoulkrischanitz.com\/index.php?rest_route=\/wp\/v2\/pages"}],"about":[{"href":"https:\/\/www.raoulkrischanitz.com\/index.php?rest_route=\/wp\/v2\/types\/page"}],"author":[{"embeddable":true,"href":"https:\/\/www.raoulkrischanitz.com\/index.php?rest_route=\/wp\/v2\/users\/1"}],"replies":[{"embeddable":true,"href":"https:\/\/www.raoulkrischanitz.com\/index.php?rest_route=%2Fwp%2Fv2%2Fcomments&post=409"}],"version-history":[{"count":6,"href":"https:\/\/www.raoulkrischanitz.com\/index.php?rest_route=\/wp\/v2\/pages\/409\/revisions"}],"predecessor-version":[{"id":471,"href":"https:\/\/www.raoulkrischanitz.com\/index.php?rest_route=\/wp\/v2\/pages\/409\/revisions\/471"}],"wp:attachment":[{"href":"https:\/\/www.raoulkrischanitz.com\/index.php?rest_route=%2Fwp%2Fv2%2Fmedia&parent=409"}],"curies":[{"name":"wp","href":"https:\/\/api.w.org\/{rel}","templated":true}]}}