{"id":492,"date":"2020-12-16T11:22:35","date_gmt":"2020-12-16T11:22:35","guid":{"rendered":"https:\/\/raoulkrischanitz.com\/?page_id=492"},"modified":"2020-12-16T11:36:39","modified_gmt":"2020-12-16T11:36:39","slug":"lesungen-workshops","status":"publish","type":"page","link":"https:\/\/www.raoulkrischanitz.com\/?page_id=492","title":{"rendered":"Lesungen &#038; Workshops"},"content":{"rendered":"\n<p><br><\/p>\n\n\n\n<figure class=\"wp-block-gallery columns-6 is-cropped wp-block-gallery-1 is-layout-flex wp-block-gallery-is-layout-flex\"><ul class=\"blocks-gallery-grid\"><li class=\"blocks-gallery-item\"><figure><a href=\"https:\/\/www.raoulkrischanitz.com\/wp-content\/uploads\/2020\/12\/p1110500.jpg\" class=\"link-to-image js-link-to-image\"><img loading=\"lazy\" decoding=\"async\" width=\"300\" height=\"155\" src=\"https:\/\/www.raoulkrischanitz.com\/wp-content\/uploads\/2020\/12\/p1110500-300x155.jpg\" alt=\"\" data-id=\"495\" data-full-url=\"https:\/\/www.raoulkrischanitz.com\/wp-content\/uploads\/2020\/12\/p1110500.jpg\" data-link=\"https:\/\/www.raoulkrischanitz.com\/?attachment_id=495\" class=\"wp-image-495\" srcset=\"https:\/\/www.raoulkrischanitz.com\/wp-content\/uploads\/2020\/12\/p1110500-300x155.jpg 300w, https:\/\/www.raoulkrischanitz.com\/wp-content\/uploads\/2020\/12\/p1110500-768x396.jpg 768w, https:\/\/www.raoulkrischanitz.com\/wp-content\/uploads\/2020\/12\/p1110500.jpg 893w\" sizes=\"auto, (max-width: 300px) 100vw, 300px\" \/><\/a><\/figure><\/li><li class=\"blocks-gallery-item\"><figure><a href=\"https:\/\/www.raoulkrischanitz.com\/wp-content\/uploads\/2020\/12\/lesung_kinderliteratur2012_3.jpg\" class=\"link-to-image js-link-to-image\"><img loading=\"lazy\" decoding=\"async\" width=\"207\" height=\"300\" src=\"https:\/\/www.raoulkrischanitz.com\/wp-content\/uploads\/2020\/12\/lesung_kinderliteratur2012_3-207x300.jpg\" alt=\"\" data-id=\"516\" data-full-url=\"https:\/\/www.raoulkrischanitz.com\/wp-content\/uploads\/2020\/12\/lesung_kinderliteratur2012_3.jpg\" data-link=\"https:\/\/www.raoulkrischanitz.com\/?attachment_id=516\" class=\"wp-image-516\" srcset=\"https:\/\/www.raoulkrischanitz.com\/wp-content\/uploads\/2020\/12\/lesung_kinderliteratur2012_3-207x300.jpg 207w, https:\/\/www.raoulkrischanitz.com\/wp-content\/uploads\/2020\/12\/lesung_kinderliteratur2012_3.jpg 567w\" sizes=\"auto, (max-width: 207px) 100vw, 207px\" \/><\/a><\/figure><\/li><li class=\"blocks-gallery-item\"><figure><a href=\"https:\/\/www.raoulkrischanitz.com\/wp-content\/uploads\/2020\/12\/lesung_kinderliteratur2012.jpg\" class=\"link-to-image js-link-to-image\"><img loading=\"lazy\" decoding=\"async\" width=\"207\" height=\"300\" src=\"https:\/\/www.raoulkrischanitz.com\/wp-content\/uploads\/2020\/12\/lesung_kinderliteratur2012-207x300.jpg\" alt=\"\" data-id=\"517\" data-full-url=\"https:\/\/www.raoulkrischanitz.com\/wp-content\/uploads\/2020\/12\/lesung_kinderliteratur2012.jpg\" data-link=\"https:\/\/www.raoulkrischanitz.com\/?attachment_id=517\" class=\"wp-image-517\" srcset=\"https:\/\/www.raoulkrischanitz.com\/wp-content\/uploads\/2020\/12\/lesung_kinderliteratur2012-207x300.jpg 207w, https:\/\/www.raoulkrischanitz.com\/wp-content\/uploads\/2020\/12\/lesung_kinderliteratur2012.jpg 567w\" sizes=\"auto, (max-width: 207px) 100vw, 207px\" \/><\/a><\/figure><\/li><li class=\"blocks-gallery-item\"><figure><a href=\"https:\/\/www.raoulkrischanitz.com\/wp-content\/uploads\/2020\/12\/lesung_kinderliteratur2012_1.jpg\" class=\"link-to-image js-link-to-image\"><img loading=\"lazy\" decoding=\"async\" width=\"207\" height=\"300\" src=\"https:\/\/www.raoulkrischanitz.com\/wp-content\/uploads\/2020\/12\/lesung_kinderliteratur2012_1-207x300.jpg\" alt=\"\" data-id=\"514\" data-full-url=\"https:\/\/www.raoulkrischanitz.com\/wp-content\/uploads\/2020\/12\/lesung_kinderliteratur2012_1.jpg\" data-link=\"https:\/\/www.raoulkrischanitz.com\/?attachment_id=514\" class=\"wp-image-514\" srcset=\"https:\/\/www.raoulkrischanitz.com\/wp-content\/uploads\/2020\/12\/lesung_kinderliteratur2012_1-207x300.jpg 207w, https:\/\/www.raoulkrischanitz.com\/wp-content\/uploads\/2020\/12\/lesung_kinderliteratur2012_1.jpg 567w\" sizes=\"auto, (max-width: 207px) 100vw, 207px\" \/><\/a><\/figure><\/li><li class=\"blocks-gallery-item\"><figure><a href=\"https:\/\/www.raoulkrischanitz.com\/wp-content\/uploads\/2020\/12\/lesung_kinderliteratur2012_2.jpg\" class=\"link-to-image js-link-to-image\"><img loading=\"lazy\" decoding=\"async\" width=\"207\" height=\"300\" src=\"https:\/\/www.raoulkrischanitz.com\/wp-content\/uploads\/2020\/12\/lesung_kinderliteratur2012_2-207x300.jpg\" alt=\"\" data-id=\"515\" data-full-url=\"https:\/\/www.raoulkrischanitz.com\/wp-content\/uploads\/2020\/12\/lesung_kinderliteratur2012_2.jpg\" data-link=\"https:\/\/www.raoulkrischanitz.com\/?attachment_id=515\" class=\"wp-image-515\" srcset=\"https:\/\/www.raoulkrischanitz.com\/wp-content\/uploads\/2020\/12\/lesung_kinderliteratur2012_2-207x300.jpg 207w, https:\/\/www.raoulkrischanitz.com\/wp-content\/uploads\/2020\/12\/lesung_kinderliteratur2012_2.jpg 567w\" sizes=\"auto, (max-width: 207px) 100vw, 207px\" \/><\/a><\/figure><\/li><li class=\"blocks-gallery-item\"><figure><a href=\"https:\/\/www.raoulkrischanitz.com\/wp-content\/uploads\/2020\/12\/lesung_buecherei.jpg\" class=\"link-to-image js-link-to-image\"><img loading=\"lazy\" decoding=\"async\" width=\"300\" height=\"225\" src=\"https:\/\/www.raoulkrischanitz.com\/wp-content\/uploads\/2020\/12\/lesung_buecherei-300x225.jpg\" alt=\"\" data-id=\"513\" data-full-url=\"https:\/\/www.raoulkrischanitz.com\/wp-content\/uploads\/2020\/12\/lesung_buecherei.jpg\" data-link=\"https:\/\/www.raoulkrischanitz.com\/?attachment_id=513\" class=\"wp-image-513\" srcset=\"https:\/\/www.raoulkrischanitz.com\/wp-content\/uploads\/2020\/12\/lesung_buecherei-300x225.jpg 300w, https:\/\/www.raoulkrischanitz.com\/wp-content\/uploads\/2020\/12\/lesung_buecherei.jpg 720w\" sizes=\"auto, (max-width: 300px) 100vw, 300px\" \/><\/a><\/figure><\/li><li class=\"blocks-gallery-item\"><figure><a href=\"https:\/\/www.raoulkrischanitz.com\/wp-content\/uploads\/2020\/12\/lesung_buecherei_2.jpg\" class=\"link-to-image js-link-to-image\"><img loading=\"lazy\" decoding=\"async\" width=\"300\" height=\"225\" src=\"https:\/\/www.raoulkrischanitz.com\/wp-content\/uploads\/2020\/12\/lesung_buecherei_2-300x225.jpg\" alt=\"\" data-id=\"512\" data-full-url=\"https:\/\/www.raoulkrischanitz.com\/wp-content\/uploads\/2020\/12\/lesung_buecherei_2.jpg\" data-link=\"https:\/\/www.raoulkrischanitz.com\/?attachment_id=512\" class=\"wp-image-512\" srcset=\"https:\/\/www.raoulkrischanitz.com\/wp-content\/uploads\/2020\/12\/lesung_buecherei_2-300x225.jpg 300w, https:\/\/www.raoulkrischanitz.com\/wp-content\/uploads\/2020\/12\/lesung_buecherei_2.jpg 720w\" sizes=\"auto, (max-width: 300px) 100vw, 300px\" \/><\/a><\/figure><\/li><li class=\"blocks-gallery-item\"><figure><a href=\"https:\/\/www.raoulkrischanitz.com\/wp-content\/uploads\/2020\/12\/img_3671.jpg\" class=\"link-to-image js-link-to-image\"><img loading=\"lazy\" decoding=\"async\" width=\"213\" height=\"300\" src=\"https:\/\/www.raoulkrischanitz.com\/wp-content\/uploads\/2020\/12\/img_3671-213x300.jpg\" alt=\"\" data-id=\"510\" data-full-url=\"https:\/\/www.raoulkrischanitz.com\/wp-content\/uploads\/2020\/12\/img_3671.jpg\" data-link=\"https:\/\/www.raoulkrischanitz.com\/?attachment_id=510\" class=\"wp-image-510\" srcset=\"https:\/\/www.raoulkrischanitz.com\/wp-content\/uploads\/2020\/12\/img_3671-213x300.jpg 213w, https:\/\/www.raoulkrischanitz.com\/wp-content\/uploads\/2020\/12\/img_3671.jpg 394w\" sizes=\"auto, (max-width: 213px) 100vw, 213px\" \/><\/a><\/figure><\/li><li class=\"blocks-gallery-item\"><figure><a href=\"https:\/\/www.raoulkrischanitz.com\/wp-content\/uploads\/2020\/12\/img_3670.jpg\" class=\"link-to-image js-link-to-image\"><img loading=\"lazy\" decoding=\"async\" width=\"206\" height=\"300\" src=\"https:\/\/www.raoulkrischanitz.com\/wp-content\/uploads\/2020\/12\/img_3670-206x300.jpg\" alt=\"\" data-id=\"509\" data-full-url=\"https:\/\/www.raoulkrischanitz.com\/wp-content\/uploads\/2020\/12\/img_3670.jpg\" data-link=\"https:\/\/www.raoulkrischanitz.com\/?attachment_id=509\" class=\"wp-image-509\" srcset=\"https:\/\/www.raoulkrischanitz.com\/wp-content\/uploads\/2020\/12\/img_3670-206x300.jpg 206w, https:\/\/www.raoulkrischanitz.com\/wp-content\/uploads\/2020\/12\/img_3670.jpg 389w\" sizes=\"auto, (max-width: 206px) 100vw, 206px\" \/><\/a><\/figure><\/li><li class=\"blocks-gallery-item\"><figure><a href=\"https:\/\/www.raoulkrischanitz.com\/wp-content\/uploads\/2020\/12\/lesung_buecherei_1.jpg\" class=\"link-to-image js-link-to-image\"><img loading=\"lazy\" decoding=\"async\" width=\"300\" height=\"225\" src=\"https:\/\/www.raoulkrischanitz.com\/wp-content\/uploads\/2020\/12\/lesung_buecherei_1-300x225.jpg\" alt=\"\" data-id=\"511\" data-full-url=\"https:\/\/www.raoulkrischanitz.com\/wp-content\/uploads\/2020\/12\/lesung_buecherei_1.jpg\" data-link=\"https:\/\/www.raoulkrischanitz.com\/?attachment_id=511\" class=\"wp-image-511\" srcset=\"https:\/\/www.raoulkrischanitz.com\/wp-content\/uploads\/2020\/12\/lesung_buecherei_1-300x225.jpg 300w, https:\/\/www.raoulkrischanitz.com\/wp-content\/uploads\/2020\/12\/lesung_buecherei_1.jpg 720w\" sizes=\"auto, (max-width: 300px) 100vw, 300px\" \/><\/a><\/figure><\/li><li class=\"blocks-gallery-item\"><figure><a href=\"https:\/\/www.raoulkrischanitz.com\/wp-content\/uploads\/2020\/12\/img_2938.jpg\" class=\"link-to-image js-link-to-image\"><img loading=\"lazy\" decoding=\"async\" width=\"300\" height=\"225\" src=\"https:\/\/www.raoulkrischanitz.com\/wp-content\/uploads\/2020\/12\/img_2938-300x225.jpg\" alt=\"\" data-id=\"508\" data-full-url=\"https:\/\/www.raoulkrischanitz.com\/wp-content\/uploads\/2020\/12\/img_2938.jpg\" data-link=\"https:\/\/www.raoulkrischanitz.com\/?attachment_id=508\" class=\"wp-image-508\" srcset=\"https:\/\/www.raoulkrischanitz.com\/wp-content\/uploads\/2020\/12\/img_2938-300x225.jpg 300w, https:\/\/www.raoulkrischanitz.com\/wp-content\/uploads\/2020\/12\/img_2938.jpg 640w\" sizes=\"auto, (max-width: 300px) 100vw, 300px\" \/><\/a><\/figure><\/li><li class=\"blocks-gallery-item\"><figure><a href=\"https:\/\/www.raoulkrischanitz.com\/wp-content\/uploads\/2020\/12\/img_2933.jpg\" class=\"link-to-image js-link-to-image\"><img loading=\"lazy\" decoding=\"async\" width=\"163\" height=\"300\" src=\"https:\/\/www.raoulkrischanitz.com\/wp-content\/uploads\/2020\/12\/img_2933-163x300.jpg\" alt=\"\" data-id=\"507\" data-full-url=\"https:\/\/www.raoulkrischanitz.com\/wp-content\/uploads\/2020\/12\/img_2933.jpg\" data-link=\"https:\/\/www.raoulkrischanitz.com\/?attachment_id=507\" class=\"wp-image-507\" srcset=\"https:\/\/www.raoulkrischanitz.com\/wp-content\/uploads\/2020\/12\/img_2933-163x300.jpg 163w, https:\/\/www.raoulkrischanitz.com\/wp-content\/uploads\/2020\/12\/img_2933.jpg 315w\" sizes=\"auto, (max-width: 163px) 100vw, 163px\" \/><\/a><\/figure><\/li><li class=\"blocks-gallery-item\"><figure><a href=\"https:\/\/www.raoulkrischanitz.com\/wp-content\/uploads\/2020\/12\/p1120427.jpg\" class=\"link-to-image js-link-to-image\"><img loading=\"lazy\" decoding=\"async\" width=\"300\" height=\"200\" src=\"https:\/\/www.raoulkrischanitz.com\/wp-content\/uploads\/2020\/12\/p1120427-300x200.jpg\" alt=\"\" data-id=\"504\" data-full-url=\"https:\/\/www.raoulkrischanitz.com\/wp-content\/uploads\/2020\/12\/p1120427.jpg\" data-link=\"https:\/\/www.raoulkrischanitz.com\/?attachment_id=504\" class=\"wp-image-504\" srcset=\"https:\/\/www.raoulkrischanitz.com\/wp-content\/uploads\/2020\/12\/p1120427-300x200.jpg 300w, https:\/\/www.raoulkrischanitz.com\/wp-content\/uploads\/2020\/12\/p1120427.jpg 567w\" sizes=\"auto, (max-width: 300px) 100vw, 300px\" \/><\/a><\/figure><\/li><li class=\"blocks-gallery-item\"><figure><a href=\"https:\/\/www.raoulkrischanitz.com\/wp-content\/uploads\/2020\/12\/p1120428.jpg\" class=\"link-to-image js-link-to-image\"><img loading=\"lazy\" decoding=\"async\" width=\"300\" height=\"200\" src=\"https:\/\/www.raoulkrischanitz.com\/wp-content\/uploads\/2020\/12\/p1120428-300x200.jpg\" alt=\"\" data-id=\"505\" data-full-url=\"https:\/\/www.raoulkrischanitz.com\/wp-content\/uploads\/2020\/12\/p1120428.jpg\" data-link=\"https:\/\/www.raoulkrischanitz.com\/?attachment_id=505\" class=\"wp-image-505\" srcset=\"https:\/\/www.raoulkrischanitz.com\/wp-content\/uploads\/2020\/12\/p1120428-300x200.jpg 300w, https:\/\/www.raoulkrischanitz.com\/wp-content\/uploads\/2020\/12\/p1120428.jpg 567w\" sizes=\"auto, (max-width: 300px) 100vw, 300px\" \/><\/a><\/figure><\/li><li class=\"blocks-gallery-item\"><figure><a href=\"https:\/\/www.raoulkrischanitz.com\/wp-content\/uploads\/2020\/12\/rundumdieburg2.jpg\" class=\"link-to-image js-link-to-image\"><img loading=\"lazy\" decoding=\"async\" width=\"265\" height=\"300\" src=\"https:\/\/www.raoulkrischanitz.com\/wp-content\/uploads\/2020\/12\/rundumdieburg2-265x300.jpg\" alt=\"\" data-id=\"506\" data-full-url=\"https:\/\/www.raoulkrischanitz.com\/wp-content\/uploads\/2020\/12\/rundumdieburg2.jpg\" data-link=\"https:\/\/www.raoulkrischanitz.com\/?attachment_id=506\" class=\"wp-image-506\" srcset=\"https:\/\/www.raoulkrischanitz.com\/wp-content\/uploads\/2020\/12\/rundumdieburg2-265x300.jpg 265w, https:\/\/www.raoulkrischanitz.com\/wp-content\/uploads\/2020\/12\/rundumdieburg2.jpg 600w\" sizes=\"auto, (max-width: 265px) 100vw, 265px\" \/><\/a><\/figure><\/li><li class=\"blocks-gallery-item\"><figure><a href=\"https:\/\/www.raoulkrischanitz.com\/wp-content\/uploads\/2020\/12\/p1120414.jpg\" class=\"link-to-image js-link-to-image\"><img loading=\"lazy\" decoding=\"async\" width=\"300\" height=\"200\" src=\"https:\/\/www.raoulkrischanitz.com\/wp-content\/uploads\/2020\/12\/p1120414-300x200.jpg\" alt=\"\" data-id=\"502\" data-full-url=\"https:\/\/www.raoulkrischanitz.com\/wp-content\/uploads\/2020\/12\/p1120414.jpg\" data-link=\"https:\/\/www.raoulkrischanitz.com\/?attachment_id=502\" class=\"wp-image-502\" srcset=\"https:\/\/www.raoulkrischanitz.com\/wp-content\/uploads\/2020\/12\/p1120414-300x200.jpg 300w, https:\/\/www.raoulkrischanitz.com\/wp-content\/uploads\/2020\/12\/p1120414.jpg 640w\" sizes=\"auto, (max-width: 300px) 100vw, 300px\" \/><\/a><\/figure><\/li><li class=\"blocks-gallery-item\"><figure><a href=\"https:\/\/www.raoulkrischanitz.com\/wp-content\/uploads\/2020\/12\/p1120412.jpg\" class=\"link-to-image js-link-to-image\"><img loading=\"lazy\" decoding=\"async\" width=\"300\" height=\"200\" src=\"https:\/\/www.raoulkrischanitz.com\/wp-content\/uploads\/2020\/12\/p1120412-300x200.jpg\" alt=\"\" data-id=\"501\" data-full-url=\"https:\/\/www.raoulkrischanitz.com\/wp-content\/uploads\/2020\/12\/p1120412.jpg\" data-link=\"https:\/\/www.raoulkrischanitz.com\/?attachment_id=501\" class=\"wp-image-501\" srcset=\"https:\/\/www.raoulkrischanitz.com\/wp-content\/uploads\/2020\/12\/p1120412-300x200.jpg 300w, https:\/\/www.raoulkrischanitz.com\/wp-content\/uploads\/2020\/12\/p1120412.jpg 640w\" sizes=\"auto, (max-width: 300px) 100vw, 300px\" \/><\/a><\/figure><\/li><li class=\"blocks-gallery-item\"><figure><a href=\"https:\/\/www.raoulkrischanitz.com\/wp-content\/uploads\/2020\/12\/p1120419.jpg\" class=\"link-to-image js-link-to-image\"><img loading=\"lazy\" decoding=\"async\" width=\"300\" height=\"223\" src=\"https:\/\/www.raoulkrischanitz.com\/wp-content\/uploads\/2020\/12\/p1120419-300x223.jpg\" alt=\"\" data-id=\"503\" data-full-url=\"https:\/\/www.raoulkrischanitz.com\/wp-content\/uploads\/2020\/12\/p1120419.jpg\" data-link=\"https:\/\/www.raoulkrischanitz.com\/?attachment_id=503\" class=\"wp-image-503\" srcset=\"https:\/\/www.raoulkrischanitz.com\/wp-content\/uploads\/2020\/12\/p1120419-300x223.jpg 300w, https:\/\/www.raoulkrischanitz.com\/wp-content\/uploads\/2020\/12\/p1120419.jpg 680w\" sizes=\"auto, (max-width: 300px) 100vw, 300px\" \/><\/a><\/figure><\/li><li class=\"blocks-gallery-item\"><figure><a href=\"https:\/\/www.raoulkrischanitz.com\/wp-content\/uploads\/2020\/12\/p1110801.jpg\" class=\"link-to-image js-link-to-image\"><img loading=\"lazy\" decoding=\"async\" width=\"300\" height=\"200\" src=\"https:\/\/www.raoulkrischanitz.com\/wp-content\/uploads\/2020\/12\/p1110801-300x200.jpg\" alt=\"\" data-id=\"499\" data-full-url=\"https:\/\/www.raoulkrischanitz.com\/wp-content\/uploads\/2020\/12\/p1110801.jpg\" data-link=\"https:\/\/www.raoulkrischanitz.com\/?attachment_id=499\" class=\"wp-image-499\" srcset=\"https:\/\/www.raoulkrischanitz.com\/wp-content\/uploads\/2020\/12\/p1110801-300x200.jpg 300w, https:\/\/www.raoulkrischanitz.com\/wp-content\/uploads\/2020\/12\/p1110801-1024x683.jpg 1024w, https:\/\/www.raoulkrischanitz.com\/wp-content\/uploads\/2020\/12\/p1110801-768x512.jpg 768w, https:\/\/www.raoulkrischanitz.com\/wp-content\/uploads\/2020\/12\/p1110801.jpg 1259w\" sizes=\"auto, (max-width: 300px) 100vw, 300px\" \/><\/a><\/figure><\/li><li class=\"blocks-gallery-item\"><figure><a href=\"https:\/\/www.raoulkrischanitz.com\/wp-content\/uploads\/2020\/12\/p1120408.jpg\" class=\"link-to-image js-link-to-image\"><img loading=\"lazy\" decoding=\"async\" width=\"300\" height=\"200\" src=\"https:\/\/www.raoulkrischanitz.com\/wp-content\/uploads\/2020\/12\/p1120408-300x200.jpg\" alt=\"\" data-id=\"500\" data-full-url=\"https:\/\/www.raoulkrischanitz.com\/wp-content\/uploads\/2020\/12\/p1120408.jpg\" data-link=\"https:\/\/www.raoulkrischanitz.com\/?attachment_id=500\" class=\"wp-image-500\" srcset=\"https:\/\/www.raoulkrischanitz.com\/wp-content\/uploads\/2020\/12\/p1120408-300x200.jpg 300w, https:\/\/www.raoulkrischanitz.com\/wp-content\/uploads\/2020\/12\/p1120408.jpg 640w\" sizes=\"auto, (max-width: 300px) 100vw, 300px\" \/><\/a><\/figure><\/li><li class=\"blocks-gallery-item\"><figure><a href=\"https:\/\/www.raoulkrischanitz.com\/wp-content\/uploads\/2020\/12\/p1110795.jpg\" class=\"link-to-image js-link-to-image\"><img loading=\"lazy\" decoding=\"async\" width=\"300\" height=\"200\" src=\"https:\/\/www.raoulkrischanitz.com\/wp-content\/uploads\/2020\/12\/p1110795-300x200.jpg\" alt=\"\" data-id=\"498\" data-full-url=\"https:\/\/www.raoulkrischanitz.com\/wp-content\/uploads\/2020\/12\/p1110795.jpg\" data-link=\"https:\/\/www.raoulkrischanitz.com\/?attachment_id=498\" class=\"wp-image-498\" srcset=\"https:\/\/www.raoulkrischanitz.com\/wp-content\/uploads\/2020\/12\/p1110795-300x200.jpg 300w, https:\/\/www.raoulkrischanitz.com\/wp-content\/uploads\/2020\/12\/p1110795-1024x683.jpg 1024w, https:\/\/www.raoulkrischanitz.com\/wp-content\/uploads\/2020\/12\/p1110795-768x512.jpg 768w, https:\/\/www.raoulkrischanitz.com\/wp-content\/uploads\/2020\/12\/p1110795.jpg 1259w\" sizes=\"auto, (max-width: 300px) 100vw, 300px\" \/><\/a><\/figure><\/li><li class=\"blocks-gallery-item\"><figure><a href=\"https:\/\/www.raoulkrischanitz.com\/wp-content\/uploads\/2020\/12\/p1110794.jpg\" class=\"link-to-image js-link-to-image\"><img loading=\"lazy\" decoding=\"async\" width=\"300\" height=\"200\" src=\"https:\/\/www.raoulkrischanitz.com\/wp-content\/uploads\/2020\/12\/p1110794-300x200.jpg\" alt=\"\" data-id=\"497\" data-full-url=\"https:\/\/www.raoulkrischanitz.com\/wp-content\/uploads\/2020\/12\/p1110794.jpg\" data-link=\"https:\/\/www.raoulkrischanitz.com\/?attachment_id=497\" class=\"wp-image-497\" srcset=\"https:\/\/www.raoulkrischanitz.com\/wp-content\/uploads\/2020\/12\/p1110794-300x200.jpg 300w, https:\/\/www.raoulkrischanitz.com\/wp-content\/uploads\/2020\/12\/p1110794-1024x683.jpg 1024w, https:\/\/www.raoulkrischanitz.com\/wp-content\/uploads\/2020\/12\/p1110794-768x512.jpg 768w, https:\/\/www.raoulkrischanitz.com\/wp-content\/uploads\/2020\/12\/p1110794.jpg 1259w\" sizes=\"auto, (max-width: 300px) 100vw, 300px\" \/><\/a><\/figure><\/li><li class=\"blocks-gallery-item\"><figure><a href=\"https:\/\/www.raoulkrischanitz.com\/wp-content\/uploads\/2020\/12\/p1110507.jpg\" class=\"link-to-image js-link-to-image\"><img loading=\"lazy\" decoding=\"async\" width=\"300\" height=\"133\" src=\"https:\/\/www.raoulkrischanitz.com\/wp-content\/uploads\/2020\/12\/p1110507-300x133.jpg\" alt=\"\" data-id=\"496\" data-full-url=\"https:\/\/www.raoulkrischanitz.com\/wp-content\/uploads\/2020\/12\/p1110507.jpg\" data-link=\"https:\/\/www.raoulkrischanitz.com\/?attachment_id=496\" class=\"wp-image-496\" srcset=\"https:\/\/www.raoulkrischanitz.com\/wp-content\/uploads\/2020\/12\/p1110507-300x133.jpg 300w, https:\/\/www.raoulkrischanitz.com\/wp-content\/uploads\/2020\/12\/p1110507-768x341.jpg 768w, https:\/\/www.raoulkrischanitz.com\/wp-content\/uploads\/2020\/12\/p1110507.jpg 850w\" sizes=\"auto, (max-width: 300px) 100vw, 300px\" \/><\/a><\/figure><\/li><li class=\"blocks-gallery-item\"><figure><a href=\"https:\/\/www.raoulkrischanitz.com\/wp-content\/uploads\/2020\/12\/p1110487.jpg\" class=\"link-to-image js-link-to-image\"><img loading=\"lazy\" decoding=\"async\" width=\"300\" height=\"155\" src=\"https:\/\/www.raoulkrischanitz.com\/wp-content\/uploads\/2020\/12\/p1110487-300x155.jpg\" alt=\"\" data-id=\"494\" data-full-url=\"https:\/\/www.raoulkrischanitz.com\/wp-content\/uploads\/2020\/12\/p1110487.jpg\" data-link=\"https:\/\/www.raoulkrischanitz.com\/?attachment_id=494\" class=\"wp-image-494\" srcset=\"https:\/\/www.raoulkrischanitz.com\/wp-content\/uploads\/2020\/12\/p1110487-300x155.jpg 300w, https:\/\/www.raoulkrischanitz.com\/wp-content\/uploads\/2020\/12\/p1110487-768x396.jpg 768w, https:\/\/www.raoulkrischanitz.com\/wp-content\/uploads\/2020\/12\/p1110487.jpg 893w\" sizes=\"auto, (max-width: 300px) 100vw, 300px\" \/><\/a><\/figure><\/li><\/ul><figcaption class=\"blocks-gallery-caption\">Ein Fixpunkt meiner Workshops und Lesungen\u00a0sind die unmittelbar\u00a0entstehenden\u00a0grossformatigen Zeichnungen. Nach den spontanen W\u00fcnschen der Kinder zeichne\u00a0ich und gemeinsam werden Figuren weiterentwickelt und \u201ezum Leben erweckt\u201c.<br>Den Kindern wird so die Freude und Wichtigkeit von kreativem, phantasievollem Arbeiten vermittelt und auch ein sehr gro\u00dfer Spa\u00df f\u00fcr alle TeilnehmerInnen.<\/figcaption><\/figure>\n\n\n\n<p><\/p>\n","protected":false},"excerpt":{"rendered":"<div class=\"wrap-excerpt-more\"><a class=\"excerpt-more\" href=\"https:\/\/www.raoulkrischanitz.com\/?page_id=492\">Read more<\/a><\/div>\n","protected":false},"author":1,"featured_media":0,"parent":0,"menu_order":0,"comment_status":"closed","ping_status":"closed","template":"","meta":{"footnotes":""},"class_list":["post-492","page","type-page","status-publish","hentry","post--no-featured-image"],"_links":{"self":[{"href":"https:\/\/www.raoulkrischanitz.com\/index.php?rest_route=\/wp\/v2\/pages\/492","targetHints":{"allow":["GET"]}}],"collection":[{"href":"https:\/\/www.raoulkrischanitz.com\/index.php?rest_route=\/wp\/v2\/pages"}],"about":[{"href":"https:\/\/www.raoulkrischanitz.com\/index.php?rest_route=\/wp\/v2\/types\/page"}],"author":[{"embeddable":true,"href":"https:\/\/www.raoulkrischanitz.com\/index.php?rest_route=\/wp\/v2\/users\/1"}],"replies":[{"embeddable":true,"href":"https:\/\/www.raoulkrischanitz.com\/index.php?rest_route=%2Fwp%2Fv2%2Fcomments&post=492"}],"version-history":[{"count":6,"href":"https:\/\/www.raoulkrischanitz.com\/index.php?rest_route=\/wp\/v2\/pages\/492\/revisions"}],"predecessor-version":[{"id":528,"href":"https:\/\/www.raoulkrischanitz.com\/index.php?rest_route=\/wp\/v2\/pages\/492\/revisions\/528"}],"wp:attachment":[{"href":"https:\/\/www.raoulkrischanitz.com\/index.php?rest_route=%2Fwp%2Fv2%2Fmedia&parent=492"}],"curies":[{"name":"wp","href":"https:\/\/api.w.org\/{rel}","templated":true}]}}