{"id":60,"date":"2020-12-10T13:54:30","date_gmt":"2020-12-10T13:54:30","guid":{"rendered":"https:\/\/raoulkrischanitz.com\/?page_id=60"},"modified":"2025-07-13T16:27:02","modified_gmt":"2025-07-13T16:27:02","slug":"referenzen","status":"publish","type":"page","link":"https:\/\/www.raoulkrischanitz.com\/?page_id=60","title":{"rendered":"Referenzen"},"content":{"rendered":"\n<figure class=\"wp-block-image size-large\"><img loading=\"lazy\" decoding=\"async\" width=\"721\" height=\"1024\" src=\"https:\/\/www.raoulkrischanitz.com\/wp-content\/uploads\/2025\/07\/referenzen2025-721x1024.png\" alt=\"\" class=\"wp-image-578\" srcset=\"https:\/\/www.raoulkrischanitz.com\/wp-content\/uploads\/2025\/07\/referenzen2025-721x1024.png 721w, https:\/\/www.raoulkrischanitz.com\/wp-content\/uploads\/2025\/07\/referenzen2025-211x300.png 211w, https:\/\/www.raoulkrischanitz.com\/wp-content\/uploads\/2025\/07\/referenzen2025-768x1090.png 768w, https:\/\/www.raoulkrischanitz.com\/wp-content\/uploads\/2025\/07\/referenzen2025-1082x1536.png 1082w, https:\/\/www.raoulkrischanitz.com\/wp-content\/uploads\/2025\/07\/referenzen2025.png 1286w\" sizes=\"auto, (max-width: 721px) 100vw, 721px\" \/><\/figure>\n\n\n\n<p><\/p>\n\n\n\n<p>Akademie der bildenden K\u00fcnste Wien<\/p>\n\n\n\n<p>AIT Austrian Institute of Technology Seibersdorf<\/p>\n\n\n\n<p>ARC Austrian Research Centers Seibersdorf<\/p>\n\n\n\n<p>Atominstitut Wien \u2013 Institute of Atomic and Subatomic Physics<\/p>\n\n\n\n<p>Bundesministerium f\u00fcr Arbeit, Soziales &amp; Konsumentenschutz (BMASGK)<\/p>\n\n\n\n<p>Bundesministerium f\u00fcr Land- und Forstwirtschaft, Klima- und Umweltschutz (BMLUK)<\/p>\n\n\n\n<p>Bundesministerium f\u00fcr Nachhaltigkeit und Tourismus (BMNT)<\/p>\n\n\n\n<p>B\u00fcchereien Wien, MA 13 Wien<\/p>\n\n\n\n<p>Christian Brandstetter Verlag<\/p>\n\n\n\n<p>Datenwerk<\/p>\n\n\n\n<p>Die.Wildbach \u2013 Wildbach- &amp; Lawinenverbauung<\/p>\n\n\n\n<p>Die Bitfabrik<\/p>\n\n\n\n<p>DUMONT Verlag<\/p>\n\n\n\n<p>Falter Stadtzeitung Wien<\/p>\n\n\n\n<p>Fernw\u00e4rme Wien<\/p>\n\n\n\n<p>FWF Wissenschaftsfonds<\/p>\n\n\n\n<p>Gasteiner Mineralwasser<\/p>\n\n\n\n<p>Gridmusic<\/p>\n\n\n\n<p>Holzforschung Austria<\/p>\n\n\n\n<p>Horky Event<\/p>\n\n\n\n<p>Ibera Verlag<\/p>\n\n\n\n<p>IG Jazz Festival<\/p>\n\n\n\n<p>IT-LAW<\/p>\n\n\n\n<p>Jazz Fest Wien<\/p>\n\n\n\n<p>Kunsthalle Krems<\/p>\n\n\n\n<p>Literaturhaus Wien<\/p>\n\n\n\n<p>LPS Live Performance Service<\/p>\n\n\n\n<p>Media Markt<\/p>\n\n\n\n<p>MUSA \u2013 Museum auf Abruf, MA 7 Wien<\/p>\n\n\n\n<p>Ministerium f\u00fcr ein lebenswertes \u00d6sterreich (BMLFUW)<\/p>\n\n\n\n<p>Neugebauer Verlag<\/p>\n\n\n\n<p>NES \u2013 Nuclear Engineering Seibersdorf<\/p>\n\n\n\n<p>Nord-S\u00fcd Verlag<\/p>\n\n\n\n<p>\u00d6BVP \u2013 \u00d6sterreichischer Bundesverband der PsychotherapeutInnen<\/p>\n\n\n\n<p>\u00d6GUT \u2013 \u00d6sterreichische Gesellschaft f\u00fcr Umwelt und Technik<\/p>\n\n\n\n<p>Olympe Verlag<\/p>\n\n\n\n<p>ONE Mobilfunkanbieter<\/p>\n\n\n\n<p>Orangerie Sch\u00f6nbrunn<\/p>\n\n\n\n<p>\u00d6sterreichischer Tierschutzverein<\/p>\n\n\n\n<p>Pepsi Musicclub<\/p>\n\n\n\n<p>Picus Verlag<\/p>\n\n\n\n<p>RDG Energy<\/p>\n\n\n\n<p>Recordshop Austria<\/p>\n\n\n\n<p>Rotary Int.<\/p>\n\n\n\n<p>Sammlung Verbund Elektrizit\u00e4tswirtschafts-AG<\/p>\n\n\n\n<p>Sash-Ideas<\/p>\n\n\n\n<p>Saturn Electro-Handelsges.m.b.H.<\/p>\n\n\n\n<p>sciQ Wissenschaftsmagazin<\/p>\n\n\n\n<p>Schuldnerhilfe Ober\u00f6sterreich<\/p>\n\n\n\n<p>Showtime Agency<\/p>\n\n\n\n<p>SHS \u2013 Sommerhochschule der Universit\u00e4t Wien<\/p>\n\n\n\n<p>Si \u2013 Scarpe Italiane<\/p>\n\n\n\n<p>Stadt Wien<\/p>\n\n\n\n<p>Teenage Rockstar GmbH<\/p>\n\n\n\n<p>Tierschutzverein \u00d6sterreich<\/p>\n\n\n\n<p>Universal Music Austria<\/p>\n\n\n\n<p>Universit\u00e4t Wien<\/p>\n\n\n\n<p>Universit\u00e4t Wien \u2013 Fakult\u00e4t f\u00fcr Physik<\/p>\n\n\n\n<p>VDFS Verwertungsgesellschaft der Filmschaffenden<\/p>\n\n\n\n<p>V\u00f6slauer Mineralwasser<\/p>\n","protected":false},"excerpt":{"rendered":"<p>Akademie der bildenden K\u00fcnste Wien AIT Austrian Institute of Technology Seibersdorf ARC Austrian Research Centers Seibersdorf Atominstitut Wien \u2013 Institute of Atomic and Subatomic Physics Bundesministerium f\u00fcr Arbeit, Soziales &amp; Konsumentenschutz (BMASGK) Bundesministerium f\u00fcr Land- und Forstwirtschaft, Klima- und Umweltschutz (BMLUK) Bundesministerium f\u00fcr Nachhaltigkeit und Tourismus (BMNT) B\u00fcchereien Wien, MA &hellip;<\/p>\n<div class=\"wrap-excerpt-more\"><a class=\"excerpt-more\" href=\"https:\/\/www.raoulkrischanitz.com\/?page_id=60\">Read more<\/a><\/div>\n","protected":false},"author":1,"featured_media":0,"parent":0,"menu_order":0,"comment_status":"closed","ping_status":"closed","template":"","meta":{"footnotes":""},"class_list":["post-60","page","type-page","status-publish","hentry","post--no-featured-image"],"_links":{"self":[{"href":"https:\/\/www.raoulkrischanitz.com\/index.php?rest_route=\/wp\/v2\/pages\/60","targetHints":{"allow":["GET"]}}],"collection":[{"href":"https:\/\/www.raoulkrischanitz.com\/index.php?rest_route=\/wp\/v2\/pages"}],"about":[{"href":"https:\/\/www.raoulkrischanitz.com\/index.php?rest_route=\/wp\/v2\/types\/page"}],"author":[{"embeddable":true,"href":"https:\/\/www.raoulkrischanitz.com\/index.php?rest_route=\/wp\/v2\/users\/1"}],"replies":[{"embeddable":true,"href":"https:\/\/www.raoulkrischanitz.com\/index.php?rest_route=%2Fwp%2Fv2%2Fcomments&post=60"}],"version-history":[{"count":16,"href":"https:\/\/www.raoulkrischanitz.com\/index.php?rest_route=\/wp\/v2\/pages\/60\/revisions"}],"predecessor-version":[{"id":586,"href":"https:\/\/www.raoulkrischanitz.com\/index.php?rest_route=\/wp\/v2\/pages\/60\/revisions\/586"}],"wp:attachment":[{"href":"https:\/\/www.raoulkrischanitz.com\/index.php?rest_route=%2Fwp%2Fv2%2Fmedia&parent=60"}],"curies":[{"name":"wp","href":"https:\/\/api.w.org\/{rel}","templated":true}]}}